{"id":627,"date":"2024-03-08T09:56:15","date_gmt":"2024-03-08T08:56:15","guid":{"rendered":"https:\/\/www.junkaltxo.net\/?page_id=627"},"modified":"2024-03-14T15:57:55","modified_gmt":"2024-03-14T14:57:55","slug":"politica-de-privacidad","status":"publish","type":"page","link":"https:\/\/www.junkaltxo.net\/es\/politica-de-privacidad\/","title":{"rendered":"Pol\u00edtica de Privacidad"},"content":{"rendered":"\t\t<div data-elementor-type=\"wp-page\" data-elementor-id=\"627\" class=\"elementor elementor-627 elementor-3\" data-elementor-post-type=\"page\">\n\t\t\t\t<div class=\"elementor-element elementor-element-a158b59 e-flex e-con-boxed e-con e-parent\" data-id=\"a158b59\" data-element_type=\"container\" data-e-type=\"container\">\n\t\t\t\t\t<div class=\"e-con-inner\">\n\t\t<div class=\"elementor-element elementor-element-1924a1c e-flex e-con-boxed e-con e-child\" data-id=\"1924a1c\" data-element_type=\"container\" data-e-type=\"container\">\n\t\t\t\t\t<div class=\"e-con-inner\">\n\t\t\t\t<div class=\"elementor-element elementor-element-4786f1f elementor-widget elementor-widget-heading\" data-id=\"4786f1f\" data-element_type=\"widget\" data-e-type=\"widget\" data-widget_type=\"heading.default\">\n\t\t\t\t<div class=\"elementor-widget-container\">\n\t\t\t\t\t<h2 class=\"elementor-heading-title elementor-size-default\">Pribatutasun-politika<\/h2>\t\t\t\t<\/div>\n\t\t\t\t<\/div>\n\t\t\t\t<div class=\"elementor-element elementor-element-4df483f5 elementor-widget elementor-widget-text-editor\" data-id=\"4df483f5\" data-element_type=\"widget\" data-e-type=\"widget\" data-widget_type=\"text-editor.default\">\n\t\t\t\t<div class=\"elementor-widget-container\">\n\t\t\t\t\t\t\t\t\t\n<p><strong>USO Y TRATAMIENTO DE DATOS DE CAR\u00c1CTER PERSONAL<\/strong><\/p>\n\n\n\n<p>Le informamos que los datos de car\u00e1cter personal que pudieran proporcionarse, a trav\u00e9s de este sitio web, as\u00ed como los que pudiera facilitar en el futuro en el marco de su relaci\u00f3n jur\u00eddica con esta entidad, ser\u00e1n incorporados a nuestra base de datos.<\/p>\n\n\n\n<p>Se informa sobre los siguientes extremos relativos a la protecci\u00f3n de datos:<\/p>\n\n\n\n<ol>\n<li><strong>Responsable del tratamiento<\/strong>: Somos responsables de los datos recogidos en el formulario correspondiente.<\/li>\n\n\n\n<li><strong>Necesidad del tratamiento<\/strong>: La comunicaci\u00f3n de sus datos a trav\u00e9s del formulario correspondiente es obligatoria para podamos contactar.<\/li>\n\n\n\n<li><strong>Finalidades del tratamiento y legitimaci\u00f3n del tratamiento<\/strong>:\n<ul>\n<li>Gestionar, administrar, prestarle los servicios o facilitarle los productos que solicite y, en su caso, para el cumplimiento y ejecuci\u00f3n de los contratos que pudiera celebrar, conocer mejor sus gustos, adecuar los servicios a sus preferencias.<\/li>\n\n\n\n<li>Enviarle, por correo postal, correo electr\u00f3nico y otros medios de comunicaci\u00f3n electr\u00f3nica equivalente, comunicaciones comerciales y publicitarias sobre nuestros productos y\/o servicios.<\/li>\n<\/ul>\n<\/li>\n\n\n\n<li><strong>Destinatarios<\/strong>: Contratamos con alguna entidad que prestan servicios como los de mantenimiento y hosting, a trav\u00e9s de contratos de encargo del tratamiento para dar soporte a los fines de tratamiento indicados.<\/li>\n\n\n\n<li><strong>Plazo de conservaci\u00f3n de datos<\/strong>: Conservaremos sus datos mientras se mantenga el tratamiento y no solicite la supresi\u00f3n de los mismos.<\/li>\n\n\n\n<li><strong>Derechos<\/strong>: Podr\u00e1 ejercitar los derechos de acceso, rectificaci\u00f3n, supresi\u00f3n, limitaci\u00f3n al tratamiento, oposici\u00f3n, portabilidad y derecho a no ser objeto de una decisi\u00f3n basada \u00fanicamente en el tratamiento automatizado, mediante comunicaci\u00f3n escrita al domicilio indicado en el aviso legal y a revocar su consentimiento sin efectos retroactivos u oponerse a la recepci\u00f3n de comunicaciones comerciales publicitarias por email y otros medios de comunicaci\u00f3n electr\u00f3nica equivalente, enviando y a presentar una reclamaci\u00f3n ante la Autoridad de control, en Espa\u00f1a, la Agencia Espa\u00f1ola de Protecci\u00f3n de Datos.<\/li>\n\n\n\n<li><strong>Modificaci\u00f3n de la pol\u00edtica de privacidad<\/strong>: Nos reservamos el derecho a modificar su Pol\u00edtica de Privacidad, de acuerdo a nuestro propio criterio, o motivado por un cambio doctrinal de la Autoridad competente en Protecci\u00f3n de Datos, legislativo o jurisprudencial. El uso de la Web despu\u00e9s de dichos cambios implicar\u00e1 la aceptaci\u00f3n de \u00e9stos.<\/li>\n\n\n\n<li><strong>Legislaci\u00f3n aplicable<\/strong>: Cualquier controversia que se derive del uso de este Site, ser\u00e1 regida, interpretada y sometida de acuerdo con las leyes de Espa\u00f1a.<\/li>\n<\/ol>\n\t\t\t\t\t\t\t\t<\/div>\n\t\t\t\t<\/div>\n\t\t\t\t\t<\/div>\n\t\t\t\t<\/div>\n\t\t\t\t\t<\/div>\n\t\t\t\t<\/div>\n\t\t\t\t<\/div>\n\t\t","protected":false},"excerpt":{"rendered":"<p>USO Y TRATAMIENTO DE DATOS DE CAR\u00c1CTER PERSONAL Le informamos que los datos de car\u00e1cter personal que pudieran proporcionarse, a trav\u00e9s de este sitio web, as\u00ed como los que pudiera facilitar en el futuro en el marco de su relaci\u00f3n jur\u00eddica con esta entidad, ser\u00e1n incorporados a nuestra base de datos. Se informa sobre los [&hellip;]<\/p>\n","protected":false},"author":1,"featured_media":0,"parent":0,"menu_order":0,"comment_status":"closed","ping_status":"closed","template":"","meta":{"footnotes":""},"class_list":["post-627","page","type-page","status-publish","hentry"],"yoast_head":"<!-- This site is optimized with the Yoast SEO Premium plugin v22.2 (Yoast SEO v26.8) - https:\/\/yoast.com\/product\/yoast-seo-premium-wordpress\/ -->\n<title>Pol\u00edtica de Privacidad<\/title>\n<meta name=\"description\" content=\"Pol\u00edtica de Privacidad\" \/>\n<meta name=\"robots\" content=\"index, follow, max-snippet:-1, max-image-preview:large, max-video-preview:-1\" \/>\n<link rel=\"canonical\" href=\"https:\/\/www.junkaltxo.net\/es\/politica-de-privacidad\/\" \/>\n<meta property=\"og:locale\" content=\"es_ES\" \/>\n<meta property=\"og:type\" content=\"article\" \/>\n<meta property=\"og:title\" content=\"Pol\u00edtica de Privacidad\" \/>\n<meta property=\"og:description\" content=\"Pol\u00edtica de Privacidad\" \/>\n<meta property=\"og:url\" content=\"https:\/\/www.junkaltxo.net\/es\/politica-de-privacidad\/\" \/>\n<meta property=\"og:site_name\" content=\"Junkaltxo Makotte Janariak\" \/>\n<meta property=\"article:modified_time\" content=\"2024-03-14T14:57:55+00:00\" \/>\n<meta property=\"og:image\" content=\"https:\/\/www.junkaltxo.net\/wp-content\/uploads\/2024\/03\/logoJunkaltxo_oro.webp\" \/>\n\t<meta property=\"og:image:width\" content=\"1632\" \/>\n\t<meta property=\"og:image:height\" content=\"463\" \/>\n\t<meta property=\"og:image:type\" content=\"image\/webp\" \/>\n<meta name=\"twitter:card\" content=\"summary_large_image\" \/>\n<meta name=\"twitter:label1\" content=\"Tiempo de lectura\" \/>\n\t<meta name=\"twitter:data1\" content=\"2 minutos\" \/>\n<script type=\"application\/ld+json\" class=\"yoast-schema-graph\">{\"@context\":\"https:\/\/schema.org\",\"@graph\":[{\"@type\":\"WebPage\",\"@id\":\"https:\/\/www.junkaltxo.net\/es\/politica-de-privacidad\/\",\"url\":\"https:\/\/www.junkaltxo.net\/es\/politica-de-privacidad\/\",\"name\":\"Pol\u00edtica de Privacidad\",\"isPartOf\":{\"@id\":\"https:\/\/www.junkaltxo.net\/es\/#website\"},\"datePublished\":\"2024-03-08T08:56:15+00:00\",\"dateModified\":\"2024-03-14T14:57:55+00:00\",\"description\":\"Pol\u00edtica de Privacidad\",\"breadcrumb\":{\"@id\":\"https:\/\/www.junkaltxo.net\/es\/politica-de-privacidad\/#breadcrumb\"},\"inLanguage\":\"es\",\"potentialAction\":[{\"@type\":\"ReadAction\",\"target\":[\"https:\/\/www.junkaltxo.net\/es\/politica-de-privacidad\/\"]}]},{\"@type\":\"BreadcrumbList\",\"@id\":\"https:\/\/www.junkaltxo.net\/es\/politica-de-privacidad\/#breadcrumb\",\"itemListElement\":[{\"@type\":\"ListItem\",\"position\":1,\"name\":\"Portada\",\"item\":\"https:\/\/www.junkaltxo.net\/es\/\"},{\"@type\":\"ListItem\",\"position\":2,\"name\":\"Pol\u00edtica de Privacidad\"}]},{\"@type\":\"WebSite\",\"@id\":\"https:\/\/www.junkaltxo.net\/es\/#website\",\"url\":\"https:\/\/www.junkaltxo.net\/es\/\",\"name\":\"Junkaltxo Makotte Janariak\",\"description\":\"Junkaltxo Makotte Janariak\",\"publisher\":{\"@id\":\"https:\/\/www.junkaltxo.net\/es\/#organization\"},\"alternateName\":\"Junkaltxo Makotte Janariak\",\"potentialAction\":[{\"@type\":\"SearchAction\",\"target\":{\"@type\":\"EntryPoint\",\"urlTemplate\":\"https:\/\/www.junkaltxo.net\/es\/?s={search_term_string}\"},\"query-input\":{\"@type\":\"PropertyValueSpecification\",\"valueRequired\":true,\"valueName\":\"search_term_string\"}}],\"inLanguage\":\"es\"},{\"@type\":\"Organization\",\"@id\":\"https:\/\/www.junkaltxo.net\/es\/#organization\",\"name\":\"Junkaltxo Makotte Janariak\",\"url\":\"https:\/\/www.junkaltxo.net\/es\/\",\"logo\":{\"@type\":\"ImageObject\",\"inLanguage\":\"es\",\"@id\":\"https:\/\/www.junkaltxo.net\/es\/#\/schema\/logo\/image\/\",\"url\":\"https:\/\/www.junkaltxo.net\/wp-content\/uploads\/2024\/03\/logoJunkaltxo_oro.webp\",\"contentUrl\":\"https:\/\/www.junkaltxo.net\/wp-content\/uploads\/2024\/03\/logoJunkaltxo_oro.webp\",\"width\":1632,\"height\":463,\"caption\":\"Junkaltxo Makotte Janariak\"},\"image\":{\"@id\":\"https:\/\/www.junkaltxo.net\/es\/#\/schema\/logo\/image\/\"},\"numberOfEmployees\":{\"@type\":\"QuantitativeValue\",\"minValue\":\"1\",\"maxValue\":\"10\"},\"publishingPrinciples\":\"https:\/\/www.junkaltxo.net\/es\/\",\"ownershipFundingInfo\":\"https:\/\/www.junkaltxo.net\/lege-oharra\/\",\"actionableFeedbackPolicy\":\"https:\/\/www.junkaltxo.net\/pribatutasun-politika\/\"}]}<\/script>\n<!-- \/ Yoast SEO Premium plugin. -->","yoast_head_json":{"title":"Pol\u00edtica de Privacidad","description":"Pol\u00edtica de Privacidad","robots":{"index":"index","follow":"follow","max-snippet":"max-snippet:-1","max-image-preview":"max-image-preview:large","max-video-preview":"max-video-preview:-1"},"canonical":"https:\/\/www.junkaltxo.net\/es\/politica-de-privacidad\/","og_locale":"es_ES","og_type":"article","og_title":"Pol\u00edtica de Privacidad","og_description":"Pol\u00edtica de Privacidad","og_url":"https:\/\/www.junkaltxo.net\/es\/politica-de-privacidad\/","og_site_name":"Junkaltxo Makotte Janariak","article_modified_time":"2024-03-14T14:57:55+00:00","og_image":[{"width":1632,"height":463,"url":"https:\/\/www.junkaltxo.net\/wp-content\/uploads\/2024\/03\/logoJunkaltxo_oro.webp","type":"image\/webp"}],"twitter_card":"summary_large_image","twitter_misc":{"Tiempo de lectura":"2 minutos"},"schema":{"@context":"https:\/\/schema.org","@graph":[{"@type":"WebPage","@id":"https:\/\/www.junkaltxo.net\/es\/politica-de-privacidad\/","url":"https:\/\/www.junkaltxo.net\/es\/politica-de-privacidad\/","name":"Pol\u00edtica de Privacidad","isPartOf":{"@id":"https:\/\/www.junkaltxo.net\/es\/#website"},"datePublished":"2024-03-08T08:56:15+00:00","dateModified":"2024-03-14T14:57:55+00:00","description":"Pol\u00edtica de Privacidad","breadcrumb":{"@id":"https:\/\/www.junkaltxo.net\/es\/politica-de-privacidad\/#breadcrumb"},"inLanguage":"es","potentialAction":[{"@type":"ReadAction","target":["https:\/\/www.junkaltxo.net\/es\/politica-de-privacidad\/"]}]},{"@type":"BreadcrumbList","@id":"https:\/\/www.junkaltxo.net\/es\/politica-de-privacidad\/#breadcrumb","itemListElement":[{"@type":"ListItem","position":1,"name":"Portada","item":"https:\/\/www.junkaltxo.net\/es\/"},{"@type":"ListItem","position":2,"name":"Pol\u00edtica de Privacidad"}]},{"@type":"WebSite","@id":"https:\/\/www.junkaltxo.net\/es\/#website","url":"https:\/\/www.junkaltxo.net\/es\/","name":"Junkaltxo Makotte Janariak","description":"Junkaltxo Makotte Janariak","publisher":{"@id":"https:\/\/www.junkaltxo.net\/es\/#organization"},"alternateName":"Junkaltxo Makotte Janariak","potentialAction":[{"@type":"SearchAction","target":{"@type":"EntryPoint","urlTemplate":"https:\/\/www.junkaltxo.net\/es\/?s={search_term_string}"},"query-input":{"@type":"PropertyValueSpecification","valueRequired":true,"valueName":"search_term_string"}}],"inLanguage":"es"},{"@type":"Organization","@id":"https:\/\/www.junkaltxo.net\/es\/#organization","name":"Junkaltxo Makotte Janariak","url":"https:\/\/www.junkaltxo.net\/es\/","logo":{"@type":"ImageObject","inLanguage":"es","@id":"https:\/\/www.junkaltxo.net\/es\/#\/schema\/logo\/image\/","url":"https:\/\/www.junkaltxo.net\/wp-content\/uploads\/2024\/03\/logoJunkaltxo_oro.webp","contentUrl":"https:\/\/www.junkaltxo.net\/wp-content\/uploads\/2024\/03\/logoJunkaltxo_oro.webp","width":1632,"height":463,"caption":"Junkaltxo Makotte Janariak"},"image":{"@id":"https:\/\/www.junkaltxo.net\/es\/#\/schema\/logo\/image\/"},"numberOfEmployees":{"@type":"QuantitativeValue","minValue":"1","maxValue":"10"},"publishingPrinciples":"https:\/\/www.junkaltxo.net\/es\/","ownershipFundingInfo":"https:\/\/www.junkaltxo.net\/lege-oharra\/","actionableFeedbackPolicy":"https:\/\/www.junkaltxo.net\/pribatutasun-politika\/"}]}},"_links":{"self":[{"href":"https:\/\/www.junkaltxo.net\/es\/wp-json\/wp\/v2\/pages\/627","targetHints":{"allow":["GET"]}}],"collection":[{"href":"https:\/\/www.junkaltxo.net\/es\/wp-json\/wp\/v2\/pages"}],"about":[{"href":"https:\/\/www.junkaltxo.net\/es\/wp-json\/wp\/v2\/types\/page"}],"author":[{"embeddable":true,"href":"https:\/\/www.junkaltxo.net\/es\/wp-json\/wp\/v2\/users\/1"}],"replies":[{"embeddable":true,"href":"https:\/\/www.junkaltxo.net\/es\/wp-json\/wp\/v2\/comments?post=627"}],"version-history":[{"count":2,"href":"https:\/\/www.junkaltxo.net\/es\/wp-json\/wp\/v2\/pages\/627\/revisions"}],"predecessor-version":[{"id":651,"href":"https:\/\/www.junkaltxo.net\/es\/wp-json\/wp\/v2\/pages\/627\/revisions\/651"}],"wp:attachment":[{"href":"https:\/\/www.junkaltxo.net\/es\/wp-json\/wp\/v2\/media?parent=627"}],"curies":[{"name":"wp","href":"https:\/\/api.w.org\/{rel}","templated":true}]}}