{"id":625,"date":"2024-03-12T10:29:28","date_gmt":"2024-03-12T09:29:28","guid":{"rendered":"https:\/\/www.junkaltxo.net\/?page_id=625"},"modified":"2024-03-14T12:54:00","modified_gmt":"2024-03-14T11:54:00","slug":"aviso-legal","status":"publish","type":"page","link":"https:\/\/www.junkaltxo.net\/es\/aviso-legal\/","title":{"rendered":"Aviso Legal"},"content":{"rendered":"\t\t<div data-elementor-type=\"wp-page\" data-elementor-id=\"625\" class=\"elementor elementor-625 elementor-113\" data-elementor-post-type=\"page\">\n\t\t\t\t<div class=\"elementor-element elementor-element-8b2a5ac e-flex e-con-boxed e-con e-parent\" data-id=\"8b2a5ac\" data-element_type=\"container\" data-e-type=\"container\">\n\t\t\t\t\t<div class=\"e-con-inner\">\n\t\t<div class=\"elementor-element elementor-element-350eb1f e-flex e-con-boxed e-con e-child\" data-id=\"350eb1f\" data-element_type=\"container\" data-e-type=\"container\">\n\t\t\t\t\t<div class=\"e-con-inner\">\n\t\t\t\t<div class=\"elementor-element elementor-element-5cd052f elementor-widget elementor-widget-heading\" data-id=\"5cd052f\" data-element_type=\"widget\" data-e-type=\"widget\" data-widget_type=\"heading.default\">\n\t\t\t\t<div class=\"elementor-widget-container\">\n\t\t\t\t\t<h2 class=\"elementor-heading-title elementor-size-default\">Lege-oharra<\/h2>\t\t\t\t<\/div>\n\t\t\t\t<\/div>\n\t\t\t\t<div class=\"elementor-element elementor-element-55c3c3d9 elementor-widget elementor-widget-text-editor\" data-id=\"55c3c3d9\" data-element_type=\"widget\" data-e-type=\"widget\" data-widget_type=\"text-editor.default\">\n\t\t\t\t<div class=\"elementor-widget-container\">\n\t\t\t\t\t\t\t\t\t\n<ol>\n<li>El titular de este sitio web es Junkaltxo Makotte Janariak, con N.I.F. B20911749, con domicilio en calle Blas de Lezo, 22 &#8211; bajo B, con c\u00f3digo postal 20301 de Ir\u00fan (Gipuzkoa).<\/li>\n\n\n\n<li>El acceso al site de Junkaltxo Makotte Janariak es gratuito. Todo el contenido es propiedad intelectual de Junkaltxo Makotte Janariak. Cualquier utilizaci\u00f3n de los mismos contraria a las normas en materia de propiedad intelectual ser\u00e1 perseguida con arreglo a la legislaci\u00f3n vigente.<\/li>\n<\/ol>\n\t\t\t\t\t\t\t\t<\/div>\n\t\t\t\t<\/div>\n\t\t\t\t\t<\/div>\n\t\t\t\t<\/div>\n\t\t\t\t\t<\/div>\n\t\t\t\t<\/div>\n\t\t\t\t<\/div>\n\t\t","protected":false},"excerpt":{"rendered":"","protected":false},"author":1,"featured_media":0,"parent":0,"menu_order":0,"comment_status":"closed","ping_status":"closed","template":"","meta":{"footnotes":""},"class_list":["post-625","page","type-page","status-publish","hentry"],"yoast_head":"<!-- This site is optimized with the Yoast SEO Premium plugin v22.2 (Yoast SEO v26.8) - https:\/\/yoast.com\/product\/yoast-seo-premium-wordpress\/ -->\n<title>Aviso Legal<\/title>\n<meta name=\"robots\" content=\"index, follow, max-snippet:-1, max-image-preview:large, max-video-preview:-1\" \/>\n<link rel=\"canonical\" href=\"https:\/\/www.junkaltxo.net\/es\/aviso-legal\/\" \/>\n<meta property=\"og:locale\" content=\"es_ES\" \/>\n<meta property=\"og:type\" content=\"article\" \/>\n<meta property=\"og:title\" content=\"Aviso Legal\" \/>\n<meta property=\"og:url\" content=\"https:\/\/www.junkaltxo.net\/es\/aviso-legal\/\" \/>\n<meta property=\"og:site_name\" content=\"Junkaltxo Makotte Janariak\" \/>\n<meta property=\"article:modified_time\" content=\"2024-03-14T11:54:00+00:00\" \/>\n<meta property=\"og:image\" content=\"https:\/\/www.junkaltxo.net\/wp-content\/uploads\/2024\/03\/logoJunkaltxo_oro.webp\" \/>\n\t<meta property=\"og:image:width\" content=\"1632\" \/>\n\t<meta property=\"og:image:height\" content=\"463\" \/>\n\t<meta property=\"og:image:type\" content=\"image\/webp\" \/>\n<meta name=\"twitter:card\" content=\"summary_large_image\" \/>\n<meta name=\"twitter:label1\" content=\"Tiempo de lectura\" \/>\n\t<meta name=\"twitter:data1\" content=\"1 minuto\" \/>\n<script type=\"application\/ld+json\" class=\"yoast-schema-graph\">{\"@context\":\"https:\/\/schema.org\",\"@graph\":[{\"@type\":\"WebPage\",\"@id\":\"https:\/\/www.junkaltxo.net\/es\/aviso-legal\/\",\"url\":\"https:\/\/www.junkaltxo.net\/es\/aviso-legal\/\",\"name\":\"Aviso Legal\",\"isPartOf\":{\"@id\":\"https:\/\/www.junkaltxo.net\/es\/#website\"},\"datePublished\":\"2024-03-12T09:29:28+00:00\",\"dateModified\":\"2024-03-14T11:54:00+00:00\",\"breadcrumb\":{\"@id\":\"https:\/\/www.junkaltxo.net\/es\/aviso-legal\/#breadcrumb\"},\"inLanguage\":\"es\",\"potentialAction\":[{\"@type\":\"ReadAction\",\"target\":[\"https:\/\/www.junkaltxo.net\/es\/aviso-legal\/\"]}]},{\"@type\":\"BreadcrumbList\",\"@id\":\"https:\/\/www.junkaltxo.net\/es\/aviso-legal\/#breadcrumb\",\"itemListElement\":[{\"@type\":\"ListItem\",\"position\":1,\"name\":\"Portada\",\"item\":\"https:\/\/www.junkaltxo.net\/es\/\"},{\"@type\":\"ListItem\",\"position\":2,\"name\":\"Aviso Legal\"}]},{\"@type\":\"WebSite\",\"@id\":\"https:\/\/www.junkaltxo.net\/es\/#website\",\"url\":\"https:\/\/www.junkaltxo.net\/es\/\",\"name\":\"Junkaltxo Makotte Janariak\",\"description\":\"Junkaltxo Makotte Janariak\",\"publisher\":{\"@id\":\"https:\/\/www.junkaltxo.net\/es\/#organization\"},\"alternateName\":\"Junkaltxo Makotte Janariak\",\"potentialAction\":[{\"@type\":\"SearchAction\",\"target\":{\"@type\":\"EntryPoint\",\"urlTemplate\":\"https:\/\/www.junkaltxo.net\/es\/?s={search_term_string}\"},\"query-input\":{\"@type\":\"PropertyValueSpecification\",\"valueRequired\":true,\"valueName\":\"search_term_string\"}}],\"inLanguage\":\"es\"},{\"@type\":\"Organization\",\"@id\":\"https:\/\/www.junkaltxo.net\/es\/#organization\",\"name\":\"Junkaltxo Makotte Janariak\",\"url\":\"https:\/\/www.junkaltxo.net\/es\/\",\"logo\":{\"@type\":\"ImageObject\",\"inLanguage\":\"es\",\"@id\":\"https:\/\/www.junkaltxo.net\/es\/#\/schema\/logo\/image\/\",\"url\":\"https:\/\/www.junkaltxo.net\/wp-content\/uploads\/2024\/03\/logoJunkaltxo_oro.webp\",\"contentUrl\":\"https:\/\/www.junkaltxo.net\/wp-content\/uploads\/2024\/03\/logoJunkaltxo_oro.webp\",\"width\":1632,\"height\":463,\"caption\":\"Junkaltxo Makotte Janariak\"},\"image\":{\"@id\":\"https:\/\/www.junkaltxo.net\/es\/#\/schema\/logo\/image\/\"},\"numberOfEmployees\":{\"@type\":\"QuantitativeValue\",\"minValue\":\"1\",\"maxValue\":\"10\"},\"publishingPrinciples\":\"https:\/\/www.junkaltxo.net\/es\/\",\"ownershipFundingInfo\":\"https:\/\/www.junkaltxo.net\/lege-oharra\/\",\"actionableFeedbackPolicy\":\"https:\/\/www.junkaltxo.net\/pribatutasun-politika\/\"}]}<\/script>\n<!-- \/ Yoast SEO Premium plugin. -->","yoast_head_json":{"title":"Aviso Legal","robots":{"index":"index","follow":"follow","max-snippet":"max-snippet:-1","max-image-preview":"max-image-preview:large","max-video-preview":"max-video-preview:-1"},"canonical":"https:\/\/www.junkaltxo.net\/es\/aviso-legal\/","og_locale":"es_ES","og_type":"article","og_title":"Aviso Legal","og_url":"https:\/\/www.junkaltxo.net\/es\/aviso-legal\/","og_site_name":"Junkaltxo Makotte Janariak","article_modified_time":"2024-03-14T11:54:00+00:00","og_image":[{"width":1632,"height":463,"url":"https:\/\/www.junkaltxo.net\/wp-content\/uploads\/2024\/03\/logoJunkaltxo_oro.webp","type":"image\/webp"}],"twitter_card":"summary_large_image","twitter_misc":{"Tiempo de lectura":"1 minuto"},"schema":{"@context":"https:\/\/schema.org","@graph":[{"@type":"WebPage","@id":"https:\/\/www.junkaltxo.net\/es\/aviso-legal\/","url":"https:\/\/www.junkaltxo.net\/es\/aviso-legal\/","name":"Aviso Legal","isPartOf":{"@id":"https:\/\/www.junkaltxo.net\/es\/#website"},"datePublished":"2024-03-12T09:29:28+00:00","dateModified":"2024-03-14T11:54:00+00:00","breadcrumb":{"@id":"https:\/\/www.junkaltxo.net\/es\/aviso-legal\/#breadcrumb"},"inLanguage":"es","potentialAction":[{"@type":"ReadAction","target":["https:\/\/www.junkaltxo.net\/es\/aviso-legal\/"]}]},{"@type":"BreadcrumbList","@id":"https:\/\/www.junkaltxo.net\/es\/aviso-legal\/#breadcrumb","itemListElement":[{"@type":"ListItem","position":1,"name":"Portada","item":"https:\/\/www.junkaltxo.net\/es\/"},{"@type":"ListItem","position":2,"name":"Aviso Legal"}]},{"@type":"WebSite","@id":"https:\/\/www.junkaltxo.net\/es\/#website","url":"https:\/\/www.junkaltxo.net\/es\/","name":"Junkaltxo Makotte Janariak","description":"Junkaltxo Makotte Janariak","publisher":{"@id":"https:\/\/www.junkaltxo.net\/es\/#organization"},"alternateName":"Junkaltxo Makotte Janariak","potentialAction":[{"@type":"SearchAction","target":{"@type":"EntryPoint","urlTemplate":"https:\/\/www.junkaltxo.net\/es\/?s={search_term_string}"},"query-input":{"@type":"PropertyValueSpecification","valueRequired":true,"valueName":"search_term_string"}}],"inLanguage":"es"},{"@type":"Organization","@id":"https:\/\/www.junkaltxo.net\/es\/#organization","name":"Junkaltxo Makotte Janariak","url":"https:\/\/www.junkaltxo.net\/es\/","logo":{"@type":"ImageObject","inLanguage":"es","@id":"https:\/\/www.junkaltxo.net\/es\/#\/schema\/logo\/image\/","url":"https:\/\/www.junkaltxo.net\/wp-content\/uploads\/2024\/03\/logoJunkaltxo_oro.webp","contentUrl":"https:\/\/www.junkaltxo.net\/wp-content\/uploads\/2024\/03\/logoJunkaltxo_oro.webp","width":1632,"height":463,"caption":"Junkaltxo Makotte Janariak"},"image":{"@id":"https:\/\/www.junkaltxo.net\/es\/#\/schema\/logo\/image\/"},"numberOfEmployees":{"@type":"QuantitativeValue","minValue":"1","maxValue":"10"},"publishingPrinciples":"https:\/\/www.junkaltxo.net\/es\/","ownershipFundingInfo":"https:\/\/www.junkaltxo.net\/lege-oharra\/","actionableFeedbackPolicy":"https:\/\/www.junkaltxo.net\/pribatutasun-politika\/"}]}},"_links":{"self":[{"href":"https:\/\/www.junkaltxo.net\/es\/wp-json\/wp\/v2\/pages\/625","targetHints":{"allow":["GET"]}}],"collection":[{"href":"https:\/\/www.junkaltxo.net\/es\/wp-json\/wp\/v2\/pages"}],"about":[{"href":"https:\/\/www.junkaltxo.net\/es\/wp-json\/wp\/v2\/types\/page"}],"author":[{"embeddable":true,"href":"https:\/\/www.junkaltxo.net\/es\/wp-json\/wp\/v2\/users\/1"}],"replies":[{"embeddable":true,"href":"https:\/\/www.junkaltxo.net\/es\/wp-json\/wp\/v2\/comments?post=625"}],"version-history":[{"count":2,"href":"https:\/\/www.junkaltxo.net\/es\/wp-json\/wp\/v2\/pages\/625\/revisions"}],"predecessor-version":[{"id":649,"href":"https:\/\/www.junkaltxo.net\/es\/wp-json\/wp\/v2\/pages\/625\/revisions\/649"}],"wp:attachment":[{"href":"https:\/\/www.junkaltxo.net\/es\/wp-json\/wp\/v2\/media?parent=625"}],"curies":[{"name":"wp","href":"https:\/\/api.w.org\/{rel}","templated":true}]}}